{"id":5601,"date":"2024-02-21T15:18:03","date_gmt":"2024-02-21T14:18:03","guid":{"rendered":"https:\/\/vossdrinks.de\/?post_type=product&#038;p=5601"},"modified":"2024-02-28T13:09:24","modified_gmt":"2024-02-28T12:09:24","slug":"haymans-cordial-gin-700ml","status":"publish","type":"product","link":"https:\/\/vossdrinks.de\/en\/product\/haymans-cordial-gin-700ml\/","title":{"rendered":"Hayman&#8217;s Cordial Gin 700ml"},"content":{"rendered":"<p>Die Familie von \u201eHayman\u2019s of London\u201c brennt schon seit mehr als 150 Jahren echten englischen Gin. Die Firma wurde 1863 gegr\u00fcndet und seitdem haben sich f\u00fcnf Generationen f\u00fcr den echten englischen Gin eingesetzt, dessen Stilrichtung vor all jenen Jahren erfunden wurde. Dieser Stil ist der Familie ausgesprochen wichtig und sie widmet sich ihm voller Leidenschaft. Der Gin liegt den Engl\u00e4ndern so sehr am Herzen wie der Champagner den Franzosen. Echter englischer Gin zeigt sich von der ausbalancierten, nuancenreichen, subtilen Seite und wird mit viel Geduld in einem langwierigen Prozess destilliert.<\/p>\n<p>F\u00fcr die Herstellung verl\u00e4sst sich Hayman\u2019s auf den englischen Weizen und aromatisieren ihn mit zehn Zutaten sowie mit reinem, englischem Wasser, bevor es an die Destillation geht. Bei keinem der Produkte trifft man jemals auf k\u00fcnstliche Aromastoffe, Geschmacksverst\u00e4rker oder Farbstoffe. Die Botanical-Lieferanten stammen aus denselben L\u00e4ndern, die schon damals im 19. Jahrhundert die Destillerie mit Botanicals versorgten. Damit ehrt Hayman\u2019s of London die einstige \u201eGew\u00fcrzstra\u00dfe\u201c, \u00fcber welche erstmals Gin-Zutaten nach England gebracht wurden.<\/p>","protected":false},"excerpt":{"rendered":"<p>Mit dem Cordial Gin l\u00e4sst die Familie Hayman eine der beliebtesten und exklusivsten Ginsorten des 19. Jahrhunderts wieder aufleben. Nach seiner Destillation wird der Hayman\u2019s Cordial Gin noch zus\u00e4tzlich 3 Monate im Fass gelagert. Dies verleiht diesem Gin einen unverwechselbaren Geschmack.<\/p>\n<p>Am besten harmoniert der Cordial Gin in klassischen Drinks wie einem Gin Fizz oder beliebten Cocktails wie dem Gin Basil Smash. Durch seine S\u00fc\u00dfe ist der Cordial Gin zwar eher ungeeignet f\u00fcr einen klassischen Gin &amp; Tonic, \u00fcberzeugt aber daf\u00fcr pur viele Gin-Liebhaber.<\/p>","protected":false},"featured_media":5602,"comment_status":"open","ping_status":"closed","template":"","meta":[],"product_brand":[],"product_cat":[156,153],"product_tag":[],"class_list":{"0":"post-5601","1":"product","2":"type-product","3":"status-publish","4":"has-post-thumbnail","6":"product_cat-gin","7":"product_cat-spirituosen","9":"first","10":"instock","11":"sold-individually","12":"taxable","13":"shipping-taxable","14":"purchasable","15":"product-type-simple"},"_links":{"self":[{"href":"https:\/\/vossdrinks.de\/en\/wp-json\/wp\/v2\/product\/5601","targetHints":{"allow":["GET"]}}],"collection":[{"href":"https:\/\/vossdrinks.de\/en\/wp-json\/wp\/v2\/product"}],"about":[{"href":"https:\/\/vossdrinks.de\/en\/wp-json\/wp\/v2\/types\/product"}],"replies":[{"embeddable":true,"href":"https:\/\/vossdrinks.de\/en\/wp-json\/wp\/v2\/comments?post=5601"}],"wp:featuredmedia":[{"embeddable":true,"href":"https:\/\/vossdrinks.de\/en\/wp-json\/wp\/v2\/media\/5602"}],"wp:attachment":[{"href":"https:\/\/vossdrinks.de\/en\/wp-json\/wp\/v2\/media?parent=5601"}],"wp:term":[{"taxonomy":"product_brand","embeddable":true,"href":"https:\/\/vossdrinks.de\/en\/wp-json\/wp\/v2\/product_brand?post=5601"},{"taxonomy":"product_cat","embeddable":true,"href":"https:\/\/vossdrinks.de\/en\/wp-json\/wp\/v2\/product_cat?post=5601"},{"taxonomy":"product_tag","embeddable":true,"href":"https:\/\/vossdrinks.de\/en\/wp-json\/wp\/v2\/product_tag?post=5601"}],"curies":[{"name":"wp","href":"https:\/\/api.w.org\/{rel}","templated":true}]}}