{"id":5593,"date":"2024-02-21T14:53:57","date_gmt":"2024-02-21T13:53:57","guid":{"rendered":"https:\/\/vossdrinks.de\/?post_type=product&#038;p=5593"},"modified":"2024-10-11T21:19:39","modified_gmt":"2024-10-11T20:19:39","slug":"penninger-whiskey-first-batch-first-fill-700ml","status":"publish","type":"product","link":"https:\/\/vossdrinks.de\/en\/product\/penninger-whiskey-first-batch-first-fill-700ml\/","title":{"rendered":"Penninger Whiskey First Batch First Fill 700ml"},"content":{"rendered":"<p>Die Alte Hausbrennerei Penninger ist ein Familienunternehmen mit einer Tradition von mehr als 115 Jahren. Der Stammsitz befindet sich in Waldkirchen im s\u00fcdlichen Bayerischen Wald, 25 Kilometer von Passau entfernt. Der Star in unserem Sortiment ist der weithin bekannte Penninger Blutwurz. Besuchen Sie uns in Waldkirchen und erfahren Sie in unserer Brennerei Tour mehr \u00fcber die Herstellung von Whisky und unserer anderen Spezialit\u00e4ten.<\/p>","protected":false},"excerpt":{"rendered":"<p>Im 19. Jahrhundert fanden Auswanderer aus dem Bayerischen Wald im amerikanischen Mittleren Westen eine neue Heimat. Von dort stammt auch das erstklassige Destillat aus Mais, Roggen und Gerstenmalz, welches die Basis f\u00fcr den ersten Penninger Whiskey bildet. Er lagert zwei Jahre in frischen F\u00e4ssern aus Amerikanischer Wei\u00dfeiche, \u00fcberquert danach im Fass den Atlantik &#8211; um an verschiedenen Penninger-Standorten in Bayern weitere 18 Monate Endreifung zu erfahren. Anl\u00e4sslich der Er\u00f6ffnung des Penninger Whisky-Hofs in Kirchham erscheint die Erstauflage unseres Penninger Whiskeys &#8211; First Batch, First Fill!<\/p>\n<p>Probieren Sie den Beginn des Whiskey-Zeitalters bei Penninger!<\/p>\n<p>&nbsp;<\/p>","protected":false},"featured_media":5594,"comment_status":"open","ping_status":"closed","template":"","meta":[],"product_brand":[],"product_cat":[162,153],"product_tag":[],"class_list":{"0":"post-5593","1":"product","2":"type-product","3":"status-publish","4":"has-post-thumbnail","6":"product_cat-whiskey","7":"product_cat-spirituosen","9":"first","10":"outofstock","11":"taxable","12":"shipping-taxable","13":"purchasable","14":"product-type-simple"},"_links":{"self":[{"href":"https:\/\/vossdrinks.de\/en\/wp-json\/wp\/v2\/product\/5593","targetHints":{"allow":["GET"]}}],"collection":[{"href":"https:\/\/vossdrinks.de\/en\/wp-json\/wp\/v2\/product"}],"about":[{"href":"https:\/\/vossdrinks.de\/en\/wp-json\/wp\/v2\/types\/product"}],"replies":[{"embeddable":true,"href":"https:\/\/vossdrinks.de\/en\/wp-json\/wp\/v2\/comments?post=5593"}],"wp:featuredmedia":[{"embeddable":true,"href":"https:\/\/vossdrinks.de\/en\/wp-json\/wp\/v2\/media\/5594"}],"wp:attachment":[{"href":"https:\/\/vossdrinks.de\/en\/wp-json\/wp\/v2\/media?parent=5593"}],"wp:term":[{"taxonomy":"product_brand","embeddable":true,"href":"https:\/\/vossdrinks.de\/en\/wp-json\/wp\/v2\/product_brand?post=5593"},{"taxonomy":"product_cat","embeddable":true,"href":"https:\/\/vossdrinks.de\/en\/wp-json\/wp\/v2\/product_cat?post=5593"},{"taxonomy":"product_tag","embeddable":true,"href":"https:\/\/vossdrinks.de\/en\/wp-json\/wp\/v2\/product_tag?post=5593"}],"curies":[{"name":"wp","href":"https:\/\/api.w.org\/{rel}","templated":true}]}}