{"id":5553,"date":"2024-02-21T12:03:00","date_gmt":"2024-02-21T11:03:00","guid":{"rendered":"https:\/\/vossdrinks.de\/?post_type=product&#038;p=5553"},"modified":"2024-03-15T11:01:06","modified_gmt":"2024-03-15T10:01:06","slug":"dos-maderas-55-700ml","status":"publish","type":"product","link":"https:\/\/vossdrinks.de\/en\/product\/dos-maderas-55-700ml\/","title":{"rendered":"Dos Maderas Rum 5+5 700ml"},"content":{"rendered":"<p>Bodegas Williams &amp; Humbert ist einer der Hauptakteure in der Sherry- und Brandy Industrie. 1877 von Alexander Williams und Arthur Humbert gegr\u00fcndet, befindet sich das Unternehmen heute in zweiter Generation im Besitz der Familie Medina. Ausgezeichnet mit dem National Architecture Prize ist Williams &amp; Humbert die gr\u00f6\u00dfte Bodega Europas unter einem Dach und enth\u00e4lt \u00fcber 50.000 amerikanische Eichenf\u00e4sser zur Reifung von Sherry, Brandy und Rum.<\/p>\n<p>&nbsp;<\/p>","protected":false},"excerpt":{"rendered":"<p>Ausgew\u00e4hlte Rums aus Barbados und Guyana reifen 5 Jahre lang in amerikanischen Eichenf\u00e4ssern in der Karibik. Danach wird dieser Blend ins andalusische Jerez transportiert, um in dem Sherry-Haus Williams &amp; Humbert weitere 3 Jahre nach dem Solera-Verfahren in hochwertigen Palo Cortado F\u00e4ssern zu lagern. In der letzten Phase des Reifeprozesses lagert Dos Maderas 5+5 PX weitere 2 Jahre im Solera-Verfahren in den F\u00e4ssern des &#8222;Don Guido&#8220; &#8211; ein 20 Jahre alter Pedro Xim\u00e9nez-Sherry (V.O.S.). Sein Triple Ageing macht den Dos Maderas PX einzigartig, mit einem Bouquet von unvergleichlichem Geschmack und Aroma.<\/p>","protected":false},"featured_media":5554,"comment_status":"open","ping_status":"closed","template":"","meta":[],"product_brand":[],"product_cat":[160,153],"product_tag":[],"class_list":{"0":"post-5553","1":"product","2":"type-product","3":"status-publish","4":"has-post-thumbnail","6":"product_cat-rum","7":"product_cat-spirituosen","9":"first","10":"instock","11":"sold-individually","12":"taxable","13":"shipping-taxable","14":"purchasable","15":"product-type-simple"},"_links":{"self":[{"href":"https:\/\/vossdrinks.de\/en\/wp-json\/wp\/v2\/product\/5553","targetHints":{"allow":["GET"]}}],"collection":[{"href":"https:\/\/vossdrinks.de\/en\/wp-json\/wp\/v2\/product"}],"about":[{"href":"https:\/\/vossdrinks.de\/en\/wp-json\/wp\/v2\/types\/product"}],"replies":[{"embeddable":true,"href":"https:\/\/vossdrinks.de\/en\/wp-json\/wp\/v2\/comments?post=5553"}],"wp:featuredmedia":[{"embeddable":true,"href":"https:\/\/vossdrinks.de\/en\/wp-json\/wp\/v2\/media\/5554"}],"wp:attachment":[{"href":"https:\/\/vossdrinks.de\/en\/wp-json\/wp\/v2\/media?parent=5553"}],"wp:term":[{"taxonomy":"product_brand","embeddable":true,"href":"https:\/\/vossdrinks.de\/en\/wp-json\/wp\/v2\/product_brand?post=5553"},{"taxonomy":"product_cat","embeddable":true,"href":"https:\/\/vossdrinks.de\/en\/wp-json\/wp\/v2\/product_cat?post=5553"},{"taxonomy":"product_tag","embeddable":true,"href":"https:\/\/vossdrinks.de\/en\/wp-json\/wp\/v2\/product_tag?post=5553"}],"curies":[{"name":"wp","href":"https:\/\/api.w.org\/{rel}","templated":true}]}}