{"id":5506,"date":"2024-02-20T14:05:37","date_gmt":"2024-02-20T13:05:37","guid":{"rendered":"https:\/\/vossdrinks.de\/?post_type=product&#038;p=5506"},"modified":"2025-09-27T21:43:48","modified_gmt":"2025-09-27T20:43:48","slug":"1776-rye-whiskey-sherry-cask-50-vol-700ml","status":"publish","type":"product","link":"https:\/\/vossdrinks.de\/en\/product\/1776-rye-whiskey-sherry-cask-50-vol-700ml\/","title":{"rendered":"1776 Rye Whiskey Sherry Cask 50% Vol. 700ml"},"content":{"rendered":"<p>Im Jahr 1776 entstand aus dem Geist der Amerikanischen Revolution nicht nur die ber\u00fchmte Unabh\u00e4ngigkeitserkl\u00e4rung, sondern auch die legend\u00e4re Whiskeymarke der Familie Pepper. Gegr\u00fcndet durch Elijah Pepper wurde die Kultmarke nach drei Generationen durch das Unternehmen Georgetown Trading Co. \u00fcbernommen und erwarb ein eigenh\u00e4ndig von James E. Pepper verfasstes Schreiben aus dem Jahr 1887, in dem dieser seine Produktionsmethoden und die genaue Zusammensetzung der Maische erl\u00e4uterte. Die Grundlagen f\u00fcr eine authentische Neuproduktion des legend\u00e4ren Whiskeys wurden geschaffen und halten bis in unser heutiges Zeitalter an.<\/p>","protected":false},"excerpt":{"rendered":"<p>F\u00fcr den Sherry PX Finish wurde hier noch einmal tief in die Aromenbox gegriffen.<br \/>\nWie auf der Flasche angek\u00fcndigt mit 100 Proof also 50% Vol. kommt dieser Rye mit einem dunklen, leicht r\u00f6tlichem Ton ins Glas. Auf eine K\u00e4ltefiltration wurde bei dieser St\u00e4rke offenbar verzichtet. Er kommt mit der bereits bekannten 1776 urspr\u00fcnglichen kr\u00e4ftigen Attit\u00fcde eines Straigth Rye daher.<\/p>","protected":false},"featured_media":5507,"comment_status":"open","ping_status":"closed","template":"","meta":[],"product_brand":[],"product_cat":[162,153],"product_tag":[],"class_list":{"0":"post-5506","1":"product","2":"type-product","3":"status-publish","4":"has-post-thumbnail","6":"product_cat-whiskey","7":"product_cat-spirituosen","9":"first","10":"outofstock","11":"sold-individually","12":"taxable","13":"shipping-taxable","14":"purchasable","15":"product-type-simple"},"_links":{"self":[{"href":"https:\/\/vossdrinks.de\/en\/wp-json\/wp\/v2\/product\/5506","targetHints":{"allow":["GET"]}}],"collection":[{"href":"https:\/\/vossdrinks.de\/en\/wp-json\/wp\/v2\/product"}],"about":[{"href":"https:\/\/vossdrinks.de\/en\/wp-json\/wp\/v2\/types\/product"}],"replies":[{"embeddable":true,"href":"https:\/\/vossdrinks.de\/en\/wp-json\/wp\/v2\/comments?post=5506"}],"wp:featuredmedia":[{"embeddable":true,"href":"https:\/\/vossdrinks.de\/en\/wp-json\/wp\/v2\/media\/5507"}],"wp:attachment":[{"href":"https:\/\/vossdrinks.de\/en\/wp-json\/wp\/v2\/media?parent=5506"}],"wp:term":[{"taxonomy":"product_brand","embeddable":true,"href":"https:\/\/vossdrinks.de\/en\/wp-json\/wp\/v2\/product_brand?post=5506"},{"taxonomy":"product_cat","embeddable":true,"href":"https:\/\/vossdrinks.de\/en\/wp-json\/wp\/v2\/product_cat?post=5506"},{"taxonomy":"product_tag","embeddable":true,"href":"https:\/\/vossdrinks.de\/en\/wp-json\/wp\/v2\/product_tag?post=5506"}],"curies":[{"name":"wp","href":"https:\/\/api.w.org\/{rel}","templated":true}]}}