{"id":5486,"date":"2024-02-20T12:14:14","date_gmt":"2024-02-20T11:14:14","guid":{"rendered":"https:\/\/vossdrinks.de\/?post_type=product&#038;p=5486"},"modified":"2024-02-20T12:32:00","modified_gmt":"2024-02-20T11:32:00","slug":"kyroe-malt-rye-whisky-500ml","status":"publish","type":"product","link":"https:\/\/vossdrinks.de\/en\/product\/kyroe-malt-rye-whisky-500ml\/","title":{"rendered":"Kyr\u00f6 Malt Rye Whisky 500ml"},"content":{"rendered":"<p>Die Kyr\u00f6 Distillery Company wurde im Jahr 2012 gegr\u00fcndet, nachdem die Gr\u00fcnder w\u00e4hrend eines Saunabesuches zum ersten Mal Rye Whisky tranken und sich fragten, weshalb im Roggenland Finnland noch keiner Whisky aus Roggen produzierte. Da Whisky mindestens 3 Jahre reifen muss, beschlossen sie in der Zwischenzeit auch weitere Spirituosen auf Roggenbasis herzustellen. Zwei Jahre nach dem besagten Saunabesuch begann, in einer alten Molkerei aus dem Jahr 1908 in Isokyr\u00f6, die Produktion.<\/p>","protected":false},"excerpt":{"rendered":"<p>Der Kyr\u00f6 Malt Rye Whisky ist der erste finnische Single Batch Roggenwhisky, der zu 100% aus finnischem gem\u00e4lzten Vollkornroggen hergestellt wird. Nach der zweifachen Destillation wird der Whisky in neuen, amerikanischen Wei\u00dfeichef\u00e4ssern gereift. Der einzigartige Whisky ist sowohl pur, auf Eis oder in einem Cocktail ein Genuss.<\/p>","protected":false},"featured_media":5487,"comment_status":"open","ping_status":"closed","template":"","meta":[],"product_brand":[],"product_cat":[162,153],"product_tag":[],"class_list":{"0":"post-5486","1":"product","2":"type-product","3":"status-publish","4":"has-post-thumbnail","6":"product_cat-whiskey","7":"product_cat-spirituosen","9":"first","10":"instock","11":"taxable","12":"shipping-taxable","13":"purchasable","14":"product-type-simple"},"_links":{"self":[{"href":"https:\/\/vossdrinks.de\/en\/wp-json\/wp\/v2\/product\/5486","targetHints":{"allow":["GET"]}}],"collection":[{"href":"https:\/\/vossdrinks.de\/en\/wp-json\/wp\/v2\/product"}],"about":[{"href":"https:\/\/vossdrinks.de\/en\/wp-json\/wp\/v2\/types\/product"}],"replies":[{"embeddable":true,"href":"https:\/\/vossdrinks.de\/en\/wp-json\/wp\/v2\/comments?post=5486"}],"wp:featuredmedia":[{"embeddable":true,"href":"https:\/\/vossdrinks.de\/en\/wp-json\/wp\/v2\/media\/5487"}],"wp:attachment":[{"href":"https:\/\/vossdrinks.de\/en\/wp-json\/wp\/v2\/media?parent=5486"}],"wp:term":[{"taxonomy":"product_brand","embeddable":true,"href":"https:\/\/vossdrinks.de\/en\/wp-json\/wp\/v2\/product_brand?post=5486"},{"taxonomy":"product_cat","embeddable":true,"href":"https:\/\/vossdrinks.de\/en\/wp-json\/wp\/v2\/product_cat?post=5486"},{"taxonomy":"product_tag","embeddable":true,"href":"https:\/\/vossdrinks.de\/en\/wp-json\/wp\/v2\/product_tag?post=5486"}],"curies":[{"name":"wp","href":"https:\/\/api.w.org\/{rel}","templated":true}]}}