{"id":5408,"date":"2024-02-13T12:47:45","date_gmt":"2024-02-13T11:47:45","guid":{"rendered":"https:\/\/vossdrinks.de\/?post_type=product&#038;p=5408"},"modified":"2024-02-19T16:29:57","modified_gmt":"2024-02-19T15:29:57","slug":"elephant-sloe-gin-2017-500ml","status":"publish","type":"product","link":"https:\/\/vossdrinks.de\/en\/product\/elephant-sloe-gin-2017-500ml\/","title":{"rendered":"Elephant Sloe Gin 2017 500ml"},"content":{"rendered":"<h2>Elephant Sloe Gin 500ml<\/h2>\n<p>500 ml Flasche Elephant Sloe Gin (35% Vol.).<\/p>\n<p>Der Elephant Sloe Gin wird nach eigener Rezeptur hergestellt und vereint den Geschmack des beliebten Elephant London Dry Gin mit dem typischen Aroma der frischen Schlehe. Die im London Dry Gin mazerierte Wildfrucht verleiht dem Sloe Gin sein ausgesprochen rundes wie fruchtig-s\u00fc\u00dfliches Bouquet und einen warmen r\u00f6tlichen Farbton.<\/p>\n<p>Im Vergleich zu anderen Sloe Gins hat der Elephant Sloe Gin einen niedrigeren Anteil an Zucker und mit 35%\u00a0 einen relativ hohen Alkoholgehalt und ist deshalb ideal f\u00fcr die Herstellung von Cocktails geeignet.<\/p>\n<p>Einige Flaschen sind mit bunten Glasperlen B\u00e4ndern geschm\u00fcckt. Diese wurden von drei Maasai-Frauen in Kenia gefertigt und bringen die bunte Vielfalt Afrikas direkt an dein Handgelenk.<\/p>\n<p>15 % des Gewinns jeder Flasche Elephant Gin gehen an afrikanische Elefantenschutzprojekte.<\/p>","protected":false},"excerpt":{"rendered":"<h2>Elephant Sloe Gin 500ml<\/h2>\n<p>500 ml Flasche Elephant Sloe Gin (35% Vol.).<\/p>\n<p>Der Elephant Sloe Gin wird nach eigener Rezeptur hergestellt und vereint den Geschmack des beliebten Elephant London Dry Gin mit dem typischen Aroma der frischen Schlehe. Die im London Dry Gin mazerierte Wildfrucht verleiht dem Sloe Gin sein ausgesprochen rundes wie fruchtig-s\u00fc\u00dfliches Bouquet und einen warmen r\u00f6tlichen Farbton.<\/p>\n<p>Im Vergleich zu anderen Sloe Gins hat der Elephant Sloe Gin einen niedrigeren Anteil an Zucker und mit 35%\u00a0 einen relativ hohen Alkoholgehalt und ist deshalb ideal f\u00fcr die Herstellung von Cocktails geeignet.<\/p>\n<p>Einige Flaschen sind mit bunten Glasperlen B\u00e4ndern geschm\u00fcckt. Diese wurden von drei Maasai-Frauen in Kenia gefertigt und bringen die bunte Vielfalt Afrikas direkt an dein Handgelenk.<\/p>\n<p>15 % des Gewinns jeder Flasche Elephant Gin gehen an afrikanische Elefantenschutzprojekte.<\/p>","protected":false},"featured_media":5409,"comment_status":"open","ping_status":"closed","template":"","meta":[],"product_brand":[],"product_cat":[156,153],"product_tag":[],"class_list":{"0":"post-5408","1":"product","2":"type-product","3":"status-publish","4":"has-post-thumbnail","6":"product_cat-gin","7":"product_cat-spirituosen","9":"first","10":"instock","11":"taxable","12":"shipping-taxable","13":"purchasable","14":"product-type-simple"},"_links":{"self":[{"href":"https:\/\/vossdrinks.de\/en\/wp-json\/wp\/v2\/product\/5408","targetHints":{"allow":["GET"]}}],"collection":[{"href":"https:\/\/vossdrinks.de\/en\/wp-json\/wp\/v2\/product"}],"about":[{"href":"https:\/\/vossdrinks.de\/en\/wp-json\/wp\/v2\/types\/product"}],"replies":[{"embeddable":true,"href":"https:\/\/vossdrinks.de\/en\/wp-json\/wp\/v2\/comments?post=5408"}],"wp:featuredmedia":[{"embeddable":true,"href":"https:\/\/vossdrinks.de\/en\/wp-json\/wp\/v2\/media\/5409"}],"wp:attachment":[{"href":"https:\/\/vossdrinks.de\/en\/wp-json\/wp\/v2\/media?parent=5408"}],"wp:term":[{"taxonomy":"product_brand","embeddable":true,"href":"https:\/\/vossdrinks.de\/en\/wp-json\/wp\/v2\/product_brand?post=5408"},{"taxonomy":"product_cat","embeddable":true,"href":"https:\/\/vossdrinks.de\/en\/wp-json\/wp\/v2\/product_cat?post=5408"},{"taxonomy":"product_tag","embeddable":true,"href":"https:\/\/vossdrinks.de\/en\/wp-json\/wp\/v2\/product_tag?post=5408"}],"curies":[{"name":"wp","href":"https:\/\/api.w.org\/{rel}","templated":true}]}}