{"id":5339,"date":"2024-02-12T11:09:36","date_gmt":"2024-02-12T11:09:36","guid":{"rendered":"https:\/\/vossdrinks.de\/?post_type=product&#038;p=5339"},"modified":"2024-03-15T11:22:34","modified_gmt":"2024-03-15T10:22:34","slug":"aha-toro-diva-plata-tequila-700ml","status":"publish","type":"product","link":"https:\/\/vossdrinks.de\/en\/product\/aha-toro-diva-plata-tequila-700ml\/","title":{"rendered":"Aha Toro Diva Plata Tequila 700ml"},"content":{"rendered":"<p style=\"font-weight: 400;\">Aha Toro wird in dem kleinen Dorf Jesus Maria in Jalisco f\u00fcr Destilados Ol\u00e9 hergestellt. Das Zentrum der<\/p>\n<p style=\"font-weight: 400;\">Brennerei ist die Hacienda \u201eEl Olvido\u201c, wo seit fast einem Jahrhundert traditionell Tequila produziert wird.<\/p>\n<p style=\"font-weight: 400;\">Die Agaven f\u00fcr Aha Toro stammen von Feldern aus dem Hochland auf einer H\u00f6he von 1800 bis 2000<\/p>\n<p style=\"font-weight: 400;\">Metern. Bei der Herstellung wird Wert auf Tradition gelegt: Bis heute wird zur Gewinnung des<\/p>\n<p style=\"font-weight: 400;\">Agavensaftes das typische steinerne M\u00fchlrad, die Tahona, eingesetzt. Nach der sorgf\u00e4ltigen Destillation in<\/p>\n<p style=\"font-weight: 400;\">kupfernen Pot-Stills lagert Aha Toro in ehemaligen Jack Daniel\u2019s-F\u00e4ssern aus amerikanischer Wei\u00dfeiche<\/p>\n<p style=\"font-weight: 400;\">mit einem Fassungsverm\u00f6gen von nur 200 Litern.<\/p>\n<p style=\"font-weight: 400;\">Ein au\u00dfergew\u00f6hnlicher Tequila, der 2 Monate in ehemaligen Rotweinf\u00e4ssern reift.<\/p>","protected":false},"excerpt":{"rendered":"<p style=\"font-weight: 400;\">Aha Toro wird in dem kleinen Dorf Jesus Maria in Jalisco f\u00fcr Destilados Ol\u00e9 hergestellt. Das Zentrum der Brennerei ist die Hacienda \u201eEl Olvido\u201c, wo seit fast einem Jahrhundert traditionell Tequila produziert wird.<\/p>\n<p style=\"font-weight: 400;\">Die Agaven f\u00fcr Aha Toro stammen von Feldern aus dem Hochland auf einer H\u00f6he von 1800 bis 2000 Metern. Bei der Herstellung wird Wert auf Tradition gelegt: Bis heute wird zur Gewinnung des Agavensaftes das typische steinerne M\u00fchlrad, die Tahona, eingesetzt. Nach der sorgf\u00e4ltigen Destillation in kupfernen Pot-Stills lagert Aha Toro in ehemaligen Jack Daniel\u2019s-F\u00e4ssern aus amerikanischer Wei\u00dfeiche mit einem Fassungsverm\u00f6gen von nur 200 Litern.<\/p>\n<p style=\"font-weight: 400;\">Ein au\u00dfergew\u00f6hnlicher Tequila, der 2 Monate in ehemaligen Rotweinf\u00e4ssern reift.<\/p>","protected":false},"featured_media":5367,"comment_status":"open","ping_status":"closed","template":"","meta":[],"product_brand":[],"product_cat":[161,153],"product_tag":[],"class_list":{"0":"post-5339","1":"product","2":"type-product","3":"status-publish","4":"has-post-thumbnail","6":"product_cat-tequila","7":"product_cat-spirituosen","9":"first","10":"instock","11":"sold-individually","12":"taxable","13":"shipping-taxable","14":"purchasable","15":"product-type-simple"},"_links":{"self":[{"href":"https:\/\/vossdrinks.de\/en\/wp-json\/wp\/v2\/product\/5339","targetHints":{"allow":["GET"]}}],"collection":[{"href":"https:\/\/vossdrinks.de\/en\/wp-json\/wp\/v2\/product"}],"about":[{"href":"https:\/\/vossdrinks.de\/en\/wp-json\/wp\/v2\/types\/product"}],"replies":[{"embeddable":true,"href":"https:\/\/vossdrinks.de\/en\/wp-json\/wp\/v2\/comments?post=5339"}],"wp:featuredmedia":[{"embeddable":true,"href":"https:\/\/vossdrinks.de\/en\/wp-json\/wp\/v2\/media\/5367"}],"wp:attachment":[{"href":"https:\/\/vossdrinks.de\/en\/wp-json\/wp\/v2\/media?parent=5339"}],"wp:term":[{"taxonomy":"product_brand","embeddable":true,"href":"https:\/\/vossdrinks.de\/en\/wp-json\/wp\/v2\/product_brand?post=5339"},{"taxonomy":"product_cat","embeddable":true,"href":"https:\/\/vossdrinks.de\/en\/wp-json\/wp\/v2\/product_cat?post=5339"},{"taxonomy":"product_tag","embeddable":true,"href":"https:\/\/vossdrinks.de\/en\/wp-json\/wp\/v2\/product_tag?post=5339"}],"curies":[{"name":"wp","href":"https:\/\/api.w.org\/{rel}","templated":true}]}}